{"id":5998,"date":"2024-11-20T19:45:17","date_gmt":"2024-11-20T18:45:17","guid":{"rendered":"https:\/\/www.shewonder.net\/?post_type=product&#038;p=5998"},"modified":"2024-12-25T23:10:43","modified_gmt":"2024-12-25T22:10:43","slug":"aquahybrid-l-rainbow-comb","status":"publish","type":"product","link":"https:\/\/www.shewonder.net\/en\/product\/aquahybrid-l-rainbow-comb\/","title":{"rendered":"AquaHybrid L: RAINBOW COMB"},"content":{"rendered":"<p style=\"text-align: left;\">&#8211; vodootporno platno<br \/>\n&#8211; dekorativni panel sprijeda<br \/>\n&#8211; glavno zatvaranje ziperom<br \/>\n&#8211; stra\u017enji ziper dzep<br \/>\n&#8211; 4 unutarnja dzepa<br \/>\n&#8211; \u010dvrsto dno<br \/>\n&#8211; ru\u010dni rad<\/p>","protected":false},"excerpt":{"rendered":"<p><span class=\"Apple-converted-space\">\u00a0<\/span>Ova torba izra\u0111ena je od visokokvalitetnog vodootpornog platna, koje pru\u017ea za\u0161titu va\u0161im stvarima i u ki\u0161nim danima.<\/p>\n<p><b>Vi\u0161enamjenski dizajn<\/b>: Nosite je kako vam najvi\u0161e odgovara \u2013 na ramenu zahvaljuju\u0107i prakti\u010dnoj ru\u010dki ili kao ruksak pomo\u0107u prilagodljivih naramenica.<\/p>\n<p><strong>Glavno zatvaranje<\/strong>: Siguran i prakti\u010dan ziper zatvara\u010d.<\/p>\n<p><strong>Dodatni prostor<\/strong>: Stra\u017enji ziper d\u017eep za lak\u0161i pristup klju\u010devima, telefonu ili drugim sitnicama.<\/p>\n<p><b>Organizacija<\/b>: \u010cetiri unutarnja d\u017eepa omogu\u0107uju uredno slaganje va\u0161ih stvari.<\/p>\n<p><b>\u010cvrsto dno<\/b>: Garantira stabilnost i dugotrajnost torbe.<\/p>\n<p><b>Ru\u010dni rad<\/b>: Svaki komad izra\u0111en je s pa\u017enjom i ljubavlju, \u0161to ga \u010dini jedinstvenim.<\/p>\n<p>Savr\u0161ena za svakodnevne obaveze, izlete ili \u0161etnje \u2013 prakti\u010dna i moderna u isto vrijeme!<\/p>","protected":false},"featured_media":5967,"comment_status":"closed","ping_status":"closed","template":"","meta":{"rank_math_lock_modified_date":false},"product_brand":[],"product_cat":[173,168],"product_tag":[],"class_list":{"0":"post-5998","1":"product","2":"type-product","3":"status-publish","4":"has-post-thumbnail","6":"product_cat-aquahybrid","7":"product_cat-wonder-bag","9":"first","10":"instock","11":"sale","12":"taxable","13":"shipping-taxable","14":"purchasable","15":"product-type-simple"},"jetpack_sharing_enabled":true,"_links":{"self":[{"href":"https:\/\/www.shewonder.net\/en\/wp-json\/wp\/v2\/product\/5998","targetHints":{"allow":["GET"]}}],"collection":[{"href":"https:\/\/www.shewonder.net\/en\/wp-json\/wp\/v2\/product"}],"about":[{"href":"https:\/\/www.shewonder.net\/en\/wp-json\/wp\/v2\/types\/product"}],"replies":[{"embeddable":true,"href":"https:\/\/www.shewonder.net\/en\/wp-json\/wp\/v2\/comments?post=5998"}],"wp:featuredmedia":[{"embeddable":true,"href":"https:\/\/www.shewonder.net\/en\/wp-json\/wp\/v2\/media\/5967"}],"wp:attachment":[{"href":"https:\/\/www.shewonder.net\/en\/wp-json\/wp\/v2\/media?parent=5998"}],"wp:term":[{"taxonomy":"product_brand","embeddable":true,"href":"https:\/\/www.shewonder.net\/en\/wp-json\/wp\/v2\/product_brand?post=5998"},{"taxonomy":"product_cat","embeddable":true,"href":"https:\/\/www.shewonder.net\/en\/wp-json\/wp\/v2\/product_cat?post=5998"},{"taxonomy":"product_tag","embeddable":true,"href":"https:\/\/www.shewonder.net\/en\/wp-json\/wp\/v2\/product_tag?post=5998"}],"curies":[{"name":"wp","href":"https:\/\/api.w.org\/{rel}","templated":true}]}}